{"id":31369,"date":"2026-05-04T06:32:00","date_gmt":"2026-05-04T06:32:00","guid":{"rendered":"https:\/\/elsalenthal.com\/?post_type=product&#038;p=31369"},"modified":"2026-05-04T13:50:39","modified_gmt":"2026-05-04T13:50:39","slug":"saral-relaxing-eye-pillow-copie-copie-copie-copie-copie-copie-copie-3","status":"publish","type":"product","link":"https:\/\/elsalenthal.com\/en\/produit\/saral-relaxing-eye-pillow-copie-copie-copie-copie-copie-copie-copie-3\/","title":{"rendered":"Relaxing eye pillow &#8211; Caroline"},"content":{"rendered":"","protected":false},"excerpt":{"rendered":"<p>D\u00e9couvrez notre collection de coussins \u00ab Un \u00e9t\u00e9 en Provence \u00bb r\u00e9alis\u00e9e avec nos tissus exclusifs imprim\u00e9s selon la technique artisanale au bloc de bois (block-print).<\/p>\n<p>Enjoy a moment of relaxation and soothe your eyes with this relaxation headband.<br \/>\nIdeal for meditation, finishing a yoga session, or relieving headaches, it&#8217;s also very effective for relaxing the eye area and helping you fall asleep. Filled with Camargue round rice and organic lavender flowers, its delicate fragrance brings you calm and serenity.<\/p>\n<p>Directions for use:<br \/>\nSqueeze the relaxation headband to activate the lavender fragrance.<br \/>\nDistribute the contents of the headband evenly between the two ends for added comfort.<br \/>\nApply the relaxing headband to your eyes for 5 to 30 minutes.<\/p>\n<p>*As our fabrics are handmade, some slight variations may occur.<\/p>\n<p>&nbsp;<\/p>\n","protected":false},"featured_media":31233,"comment_status":"open","ping_status":"closed","template":"","meta":[],"product_brand":[],"product_cat":[289,98],"product_tag":[261],"class_list":{"0":"post-31369","1":"product","2":"type-product","3":"status-publish","4":"has-post-thumbnail","6":"product_cat-block-print-headband-collection","7":"product_cat-relaxing-eye-pillow","8":"product_tag-best-sellers","10":"first","11":"instock","12":"taxable","13":"shipping-taxable","14":"purchasable","15":"product-type-simple"},"_links":{"self":[{"href":"https:\/\/elsalenthal.com\/en\/wp-json\/wp\/v2\/product\/31369","targetHints":{"allow":["GET"]}}],"collection":[{"href":"https:\/\/elsalenthal.com\/en\/wp-json\/wp\/v2\/product"}],"about":[{"href":"https:\/\/elsalenthal.com\/en\/wp-json\/wp\/v2\/types\/product"}],"replies":[{"embeddable":true,"href":"https:\/\/elsalenthal.com\/en\/wp-json\/wp\/v2\/comments?post=31369"}],"wp:featuredmedia":[{"embeddable":true,"href":"https:\/\/elsalenthal.com\/en\/wp-json\/wp\/v2\/media\/31233"}],"wp:attachment":[{"href":"https:\/\/elsalenthal.com\/en\/wp-json\/wp\/v2\/media?parent=31369"}],"wp:term":[{"taxonomy":"product_brand","embeddable":true,"href":"https:\/\/elsalenthal.com\/en\/wp-json\/wp\/v2\/product_brand?post=31369"},{"taxonomy":"product_cat","embeddable":true,"href":"https:\/\/elsalenthal.com\/en\/wp-json\/wp\/v2\/product_cat?post=31369"},{"taxonomy":"product_tag","embeddable":true,"href":"https:\/\/elsalenthal.com\/en\/wp-json\/wp\/v2\/product_tag?post=31369"}],"curies":[{"name":"wp","href":"https:\/\/api.w.org\/{rel}","templated":true}]}}