{"id":27115,"date":"2025-01-21T04:12:01","date_gmt":"2025-01-21T04:12:01","guid":{"rendered":"https:\/\/elsalenthal.com\/resellers\/"},"modified":"2025-02-03T08:30:03","modified_gmt":"2025-02-03T08:30:03","slug":"resellers","status":"publish","type":"page","link":"https:\/\/elsalenthal.com\/en\/resellers\/","title":{"rendered":"Resellers"},"content":{"rendered":"\t\t<div data-elementor-type=\"wp-page\" data-elementor-id=\"27115\" class=\"elementor elementor-27115 elementor-27102\" data-elementor-post-type=\"page\">\n\t\t\t\t\t\t<section class=\"wd-negative-gap elementor-section elementor-top-section elementor-element elementor-element-c37ccf3 elementor-section-boxed elementor-section-height-default elementor-section-height-default\" data-id=\"c37ccf3\" data-element_type=\"section\" data-e-type=\"section\">\n\t\t\t\t\t\t<div class=\"elementor-container elementor-column-gap-default\">\n\t\t\t\t\t<div class=\"elementor-column elementor-col-100 elementor-top-column elementor-element elementor-element-3d6712e\" data-id=\"3d6712e\" data-element_type=\"column\" data-e-type=\"column\">\n\t\t\t<div class=\"elementor-widget-wrap elementor-element-populated\">\n\t\t\t\t\t\t<div class=\"elementor-element elementor-element-8f720e4 elementor-widget elementor-widget-heading\" data-id=\"8f720e4\" data-element_type=\"widget\" data-e-type=\"widget\" data-widget_type=\"heading.default\">\n\t\t\t\t\t<h2 class=\"elementor-heading-title elementor-size-default\">LIST OF OUR RESELLERS<\/h2>\t\t\t\t<\/div>\n\t\t\t\t\t<\/div>\n\t\t<\/div>\n\t\t\t\t\t<\/div>\n\t\t<\/section>\n\t\t\t\t<section class=\"wd-negative-gap elementor-section elementor-top-section elementor-element elementor-element-aa4d37a elementor-section-boxed elementor-section-height-default elementor-section-height-default\" data-id=\"aa4d37a\" data-element_type=\"section\" data-e-type=\"section\">\n\t\t\t\t\t\t<div class=\"elementor-container elementor-column-gap-default\">\n\t\t\t\t\t<div class=\"elementor-column elementor-col-50 elementor-top-column elementor-element elementor-element-014bacd\" data-id=\"014bacd\" data-element_type=\"column\" data-e-type=\"column\" data-settings=\"{&quot;background_background&quot;:&quot;classic&quot;}\">\n\t\t\t<div class=\"elementor-widget-wrap elementor-element-populated\">\n\t\t\t\t\t\t<div class=\"elementor-element elementor-element-6ee6ed7 color-scheme-inherit text-left elementor-widget elementor-widget-text-editor\" data-id=\"6ee6ed7\" data-element_type=\"widget\" data-e-type=\"widget\" data-widget_type=\"text-editor.default\">\n\t\t\t\t\t\t\t\t\t<p><span style=\"text-decoration: underline;\"><strong>FRANCE<\/strong><\/span><\/p>\n<p>LA MAISON DE COMMERCE<br \/>\n201 boulevard Saint Germain<br \/>\n75007 Paris<\/p>\n<p>MAISON DEBUSSY<br \/>\n5 Rue de l&#8217;\u00c9glise<br \/>\n92200 Neuilly-sur-Seine<\/p>\n<p>HOTEL LA MIRANDE<br \/>\n4 Place de l&#8217;Amirande<br \/>\n84000 Avignon<\/p>\n<p>LES CHOSES QU&#8217;ON AIME<br \/>\n2 rue Defly<br \/>\n06000 Nice<\/p>\n<p>S\u00c9QUENCE<br \/>\n8 Avenue G\u00e9n\u00e9ral Vincent<br \/>\n30700 Uz\u00e8s<\/p>\n<p>LA BARQUE D&#8217;ETIENNE<br \/>\n3 bis rue Michel R\u00e9d\u00e9r\u00e8s<br \/>\n30240 Le Grau du Roi<\/p>\n<p>UN \u00c9T\u00c9 EN CAMARGUE<br \/>\n7 rue de la R\u00e9publique<br \/>\n30220 Aigues Morte<\/p>\n<p>LA BRASSERIE MEDITERRANN\u00c9ENNE<br \/>\n32 place du commandant Lamy<br \/>\n06250 Mougins<\/p>\n<p>LES PETITES MAISONS<br \/>\n285 Chemin de Bourgeac\u202813520 Paradou<\/p>\n<p>LES OLIVADES<br \/>\n5 Av. du Dr Barberin,<br \/>\n13103 Saint-\u00c9tienne-du-Gr\u00e8s<\/p>\n<p>PAR AMOUR<br \/>\n2 Rue de la Monnaie,<br \/>\n30000 N\u00eemes<\/p>\n\t\t\t\t\t\t\t\t<\/div>\n\t\t\t\t\t<\/div>\n\t\t<\/div>\n\t\t\t\t<div class=\"elementor-column elementor-col-50 elementor-top-column elementor-element elementor-element-1a96889\" data-id=\"1a96889\" data-element_type=\"column\" data-e-type=\"column\" data-settings=\"{&quot;background_background&quot;:&quot;classic&quot;}\">\n\t\t\t<div class=\"elementor-widget-wrap elementor-element-populated\">\n\t\t\t\t\t\t<div class=\"elementor-element elementor-element-06778d4 color-scheme-inherit text-left elementor-widget elementor-widget-text-editor\" data-id=\"06778d4\" data-element_type=\"widget\" data-e-type=\"widget\" data-widget_type=\"text-editor.default\">\n\t\t\t\t\t\t\t\t\t<p><span style=\"text-decoration: underline;\"><strong>USA<\/strong><\/span><\/p>\n<p>EMILY JOUBERT<br \/>\n818 Charter Street Redwood City,<br \/>\nCa 94063 Attn Renee<\/p>\n<p>L\u2019ANJOU PATISSERIE FRANCAISE<br \/>\n130 N Bedford Rd, Mt Kisco,<br \/>\nNY 10549<\/p>\n<p><span style=\"text-decoration: underline;\"><strong>AUTRICHE<\/strong><\/span><\/p>\n<p>MUSETTE<br \/>\nKaiserstrasse<br \/>\n50\/1A Wien<\/p>\n<p><span style=\"text-decoration: underline;\"><strong>SWITZERLAND<\/strong><\/span><\/p>\n<p>SCHERBENGRABEN<br \/>\nGrabenstrasse 1,<br \/>\n6300 Zug<\/p>\n<p>Sleepgreen<br \/>\nPilatusstrasse 41<br \/>\n6003 Luzern<\/p>\n\t\t\t\t\t\t\t\t<\/div>\n\t\t\t\t\t<\/div>\n\t\t<\/div>\n\t\t\t\t\t<\/div>\n\t\t<\/section>\n\t\t\t\t<\/div>\n\t\t","protected":false},"excerpt":{"rendered":"<p>LIST OF OUR RESELLERS FRANCE LA MAISON DE COMMERCE 201 boulevard Saint Germain 75007 Paris MAISON DEBUSSY 5 Rue de<\/p>\n","protected":false},"author":12149,"featured_media":0,"parent":0,"menu_order":0,"comment_status":"closed","ping_status":"closed","template":"","meta":{"footnotes":""},"class_list":["post-27115","page","type-page","status-publish","hentry"],"_links":{"self":[{"href":"https:\/\/elsalenthal.com\/en\/wp-json\/wp\/v2\/pages\/27115","targetHints":{"allow":["GET"]}}],"collection":[{"href":"https:\/\/elsalenthal.com\/en\/wp-json\/wp\/v2\/pages"}],"about":[{"href":"https:\/\/elsalenthal.com\/en\/wp-json\/wp\/v2\/types\/page"}],"author":[{"embeddable":true,"href":"https:\/\/elsalenthal.com\/en\/wp-json\/wp\/v2\/users\/12149"}],"replies":[{"embeddable":true,"href":"https:\/\/elsalenthal.com\/en\/wp-json\/wp\/v2\/comments?post=27115"}],"version-history":[{"count":0,"href":"https:\/\/elsalenthal.com\/en\/wp-json\/wp\/v2\/pages\/27115\/revisions"}],"wp:attachment":[{"href":"https:\/\/elsalenthal.com\/en\/wp-json\/wp\/v2\/media?parent=27115"}],"curies":[{"name":"wp","href":"https:\/\/api.w.org\/{rel}","templated":true}]}}